{"id":2358,"date":"2023-10-25T17:00:29","date_gmt":"2023-10-25T15:00:29","guid":{"rendered":"https:\/\/www.ampere.cars\/?page_id=2358"},"modified":"2026-01-06T11:28:57","modified_gmt":"2026-01-06T10:28:57","slug":"privacy-policy","status":"publish","type":"page","link":"https:\/\/www.ampere.cars\/en\/privacy-policy\/","title":{"rendered":"Privacy policy"},"content":{"rendered":"\n\n<div id=\"acf-block-695ce3e784fc4\" class=\"teq-container cp-herobanner-news relative anim-bg \" data-color=\"white\">\n    <div class=\"teq-row max-w cp-breadcrumb\" >\n                    <div class=\"breadcrumb col-12\">\n                <span><span><a href=\"https:\/\/www.ampere.cars\/en\/\">Home<\/a><\/span><\/span>            <\/div>\n            <\/div>\n    <div class=\"teq-row max-w container\">\n        <div class=\"col-12 col-lg-5 content relative\">\n                                        <h1 class=\"title wix w-400 l-130 ls-9 text-uppercase\">\n                    Privacy <strong>policy<\/strong>\n                <\/h1>\n                    <\/div>\n            <\/div>\n<\/div>\n\n\n\n\n\n  <div id=\"acf-block-695ce3e785058\" class=\"cp-content teq-container white anim-bg  \" data-color=\"white\">\n    <div class=\"teq-row max-w d-flex  justify-center height-100 align-center\">\n        <div class=\"col-12 relative cp-wysiwyg col-lg-8\">\n        \n                        <div class=\"mt-0 \"><p>Data privacy is a core ethical value at AMPERE.<\/p>\n<p>AMPERE takes all the necessary precautions to ensure that your personal data is processed securely and in compliance with regulations.<\/p>\n<p><strong>Below you will find detailed information on how your personal data is processed in connection with the use of this website and the sending of newsletters.<\/strong><\/p>\n<h2>1) Who is responsible for processing your personal data?<\/h2>\n<p>Your personal data is processed by AMPERE in its capacity as data controller.<\/p>\n<p>AMPERE SAS is located in France at 122-122 bis avenue du G\u00e9n\u00e9ral Leclerc \u2013 92 100 Boulogne-Billancourt. The contact details for its Data Protection Officer are as follows: AMPERE SAS, Direction juridique \u2013 D\u00e9l\u00e9gu\u00e9 \u00e0 la protection des donn\u00e9es \u2013 122-122 bis avenue du G\u00e9n\u00e9ral Leclerc, 92 100 Boulogne-Billancourt \u2013 <a href=\"mailto:dpo@ampere.cars\">dpo@ampere.cars<\/a>.<\/p>\n<h2>2) What are your personal data used for?<\/h2>\n<p>We collect your personal data when you fill in a form on our site, contact us by email or by any other means.<\/p>\n<p>We use your personal data to:<\/p>\n<table >\n<tbody>\n<tr >\n<td >Purpose<\/td>\n<td >Legal basis<\/td>\n<\/tr>\n<tr >\n<td >Send you our newsletter with your consent<\/td>\n<td >This type of processing is based on your consent<\/td>\n<\/tr>\n<tr >\n<td >Send you, with your consent where required by law, personalised advertising messages, in particular news about our products, special offers, invitations to events or competitions.<\/td>\n<td >This type of processing is based on your consent and\/or our legitimate interests (providing you with relevant content).<\/td>\n<\/tr>\n<tr >\n<td >Monitor the quality and continuous improvement of our products and services, in particular by using advanced data analysis technologies<\/td>\n<td >This type of processing is based on our legitimate interests (improving our products and services)<\/td>\n<\/tr>\n<tr >\n<td >Monitor our activities (reporting)<\/td>\n<td >This type of processing is based on our legitimate interests (measuring the performance of our business and improving our products and services).De mani\u00e8re g\u00e9n\u00e9rale, nous nous engageons \u00e0 collecter uniquement les donn\u00e9es personnelles qui sont n\u00e9cessaires \u00e0 chacune des finalit\u00e9s pour lesquels nous traitons vos donn\u00e9es.<\/td>\n<\/tr>\n<\/tbody>\n<\/table>\n<p>When sending you promotional messages, our aim is to send you advertising and offers that are as relevant as possible, tailored to your needs or genuinely likely to interest you. Using your personal data (the data you provide us directly and the data we obtain from our partners, as well as the data we collect automatically when you visit our websites or use our mobile applications), we create a profile that enables us to assess and predict as accurately as possible your personal preferences and\/or interests with regard to our products and services. By getting to know you better, we can offer you products or services that are better adapted to your needs and give you greater satisfaction.<\/p>\n<p>In general, we undertake to collect only the personal data that is necessary for each of the purposes for which we process your data.<\/p>\n<p>In this respect, the collection forms specify whether responses must be provided. Responses must be provided either because they are necessary for the purposes of the contract or to reply to your request or because they are required under law or regulations. We will not be able to process your request if you do not wish to provide data that is mandatory. Other information is used to get to know you better, in particular to send you personalised advertising messages, and is therefore optional and you are free not to provide this information.<\/p>\n<h2>3) How long will your data be kept?<\/h2>\n<p>In accordance with regulations, we undertake to keep your personal data only for as long as is necessary for the purposes for which it is to be used.<\/p>\n<ul>\n<li>To calculate these retention periods, we use the following criteria in particular:<\/li>\n<li>The time required to process your request or complaint,<\/li>\n<li>Your interest in our advertising messages,<\/li>\n<li>The need to keep a certain history of your interactions with us, for the proper management of our commercial relationship,<\/li>\n<li>Our legal or regulatory obligations.<\/li>\n<\/ul>\n<p>We may keep a record of some of your personal data to be able to respond to any legal action for the duration of the statute of limitations provided for by the applicable legislation.<\/p>\n<h2>4) Who has access to your data?<\/h2>\n<p>We may share your personal data when we rely on partners and service providers to process all or part of your personal data, to the extent necessary to perform the tasks entrusted to them (for example, hosting our website or mobile application, services relating to the operation or maintenance of the website, services relating to the sending of commercial offers, carrying out surveys).<\/p>\n<p>Wherever possible, your data is hosted on servers located in the European Economic Area (EEA). However, as some of our service providers are located in countries outside the EEA, your personal data is processed in those countries. Some of these countries may have regulations governing personal data that differ from those of the European Union. In such cases, we take particular care to ensure that this data transfer complies with the applicable regulations, and we implement safeguards to ensure a level of protection for your privacy and your fundamental rights that is equivalent to that offered by the European Union (in particular by using the European Commission&#8217;s Standard Contractual Clauses).<\/p>\n<p>Finally, we may disclose your personal data to third parties to comply with any legal obligation or administrative or judicial decision.<\/p>\n<h2>5) Your rights<\/h2>\n<p>You have several rights regarding the processing of your personal data:<\/p>\n<ul>\n<li>A right of access to your personal data, i.e., the right to receive a copy of your data,<\/li>\n<li>A right of rectification if your data are incorrect or out of date, enabling us to comply with our obligation to keep your data up to date,<\/li>\n<li>A right to erasure (or the right to be forgotten) of your personal data, which may be limited in the light of our contractual or legal obligations,<\/li>\n<li>A right to the portability of your data, i.e., the right to receive the personal data we have provided you with, in a structured, commonly used computer format, and to pass it on to any other data controller,<\/li>\n<li>A right to object to processing of your personal data, if you can justify this on grounds relating to your situation, and the right to request that the processing of your personal data be restricted in certain cases provided for by regulations,<\/li>\n<li>A right to object to any commercial canvassing (including profiling when used), which can be exercised via the unsubscribe link in each canvassing email,<\/li>\n<li>A right to withdraw your consent at any time, for the purposes for which we have collected your consent.<\/li>\n<\/ul>\n<p>You may also define general or specific instructions regarding certain processing operations, in particular for the retention, deletion and disclosure of your Personal Data in the event of your death. You may modify or delete these instructions at any time. You can provide us with these specific instructions by writing to the above address.<\/p>\n<p>You can exercise your rights by emailing us at <a href=\"mailto:dpo@ampere.cars\">dpo@ampere.cars<\/a> or by sending a letter to the following address: AMPERE \u2013 D\u00e9l\u00e9gu\u00e9 \u00e0 la protection des donn\u00e9es &#8211; 122-122 bis avenue du G\u00e9n\u00e9ral Leclerc, 92 100 Boulogne-Billancourt. You must include proof of your identity along with any request to exercise your rights.<\/p>\n<p>You also have the right to lodge a complaint with the French Data Protection Authority (CNIL) regarding the processing of your personal data. We urge you to contact us before making any complaint, so that we can try to resolve your problem together.<\/p>\n<h2>6) Link to further information<\/h2>\n<p>We may also collect technical information about you automatically when you visit one of our sites or use one of our mobile applications, in particular your IP address and your browsing settings, using tracers (cookies).<\/p>\n<p>For more information, please consult our <a href=\"https:\/\/www.ampere.cars\/en\/cookie-policy\/\">cookies policy<\/a>.<\/p>\n<h2>7) Changes to personal data protection information<\/h2>\n<p>We may make changes to this information from time to time. We will notify you of and\/or seek your consent to such changes where necessary or required. We therefore recommend that you consult the personal data protection information sheet each time you visit the site so that you are familiar with the latest version.<\/p>\n<\/div>\n                                        <\/div>\n\n    <\/div>\n  <\/div>","protected":false},"excerpt":{"rendered":"","protected":false},"author":3,"featured_media":3850,"parent":0,"menu_order":0,"comment_status":"closed","ping_status":"closed","template":"","meta":{"inline_featured_image":false,"footnotes":""},"acf":[],"yoast_head":"<!-- This site is optimized with the Yoast SEO plugin v21.2 - https:\/\/yoast.com\/wordpress\/plugins\/seo\/ -->\n<title>Privacy policy - Ampere.cars<\/title>\n<meta name=\"robots\" content=\"index, follow, max-snippet:-1, max-image-preview:large, max-video-preview:-1\" \/>\n<link rel=\"canonical\" href=\"https:\/\/www.ampere.cars\/en\/privacy-policy\/\" \/>\n<meta property=\"og:locale\" content=\"en_US\" \/>\n<meta property=\"og:type\" content=\"article\" \/>\n<meta property=\"og:title\" content=\"Privacy policy - Ampere.cars\" \/>\n<meta property=\"og:url\" content=\"https:\/\/www.ampere.cars\/en\/privacy-policy\/\" \/>\n<meta property=\"og:site_name\" content=\"Ampere.cars\" \/>\n<meta property=\"article:modified_time\" content=\"2026-01-06T10:28:57+00:00\" \/>\n<meta property=\"og:image\" content=\"https:\/\/www.ampere.cars\/app\/uploads\/2023\/11\/MicrosoftTeams-image-4.jpg\" \/>\n\t<meta property=\"og:image:width\" content=\"2500\" \/>\n\t<meta property=\"og:image:height\" content=\"1667\" \/>\n\t<meta property=\"og:image:type\" content=\"image\/jpeg\" \/>\n<meta name=\"twitter:card\" content=\"summary_large_image\" \/>\n<script type=\"application\/ld+json\" class=\"yoast-schema-graph\">{\"@context\":\"https:\/\/schema.org\",\"@graph\":[{\"@type\":\"WebPage\",\"@id\":\"https:\/\/www.ampere.cars\/en\/privacy-policy\/\",\"url\":\"https:\/\/www.ampere.cars\/en\/privacy-policy\/\",\"name\":\"Privacy policy - Ampere.cars\",\"isPartOf\":{\"@id\":\"https:\/\/www.ampere.cars\/en\/#website\"},\"datePublished\":\"2023-10-25T15:00:29+00:00\",\"dateModified\":\"2026-01-06T10:28:57+00:00\",\"breadcrumb\":{\"@id\":\"https:\/\/www.ampere.cars\/en\/privacy-policy\/#breadcrumb\"},\"inLanguage\":\"en-US\",\"potentialAction\":[{\"@type\":\"ReadAction\",\"target\":[\"https:\/\/www.ampere.cars\/en\/privacy-policy\/\"]}]},{\"@type\":\"BreadcrumbList\",\"@id\":\"https:\/\/www.ampere.cars\/en\/privacy-policy\/#breadcrumb\",\"itemListElement\":[{\"@type\":\"ListItem\",\"position\":1,\"name\":\"Home\",\"item\":\"https:\/\/www.ampere.cars\/en\/\"},{\"@type\":\"ListItem\",\"position\":2,\"name\":\"Privacy policy\"}]},{\"@type\":\"WebSite\",\"@id\":\"https:\/\/www.ampere.cars\/en\/#website\",\"url\":\"https:\/\/www.ampere.cars\/en\/\",\"name\":\"Ampere.cars\",\"description\":\"\",\"potentialAction\":[{\"@type\":\"SearchAction\",\"target\":{\"@type\":\"EntryPoint\",\"urlTemplate\":\"https:\/\/www.ampere.cars\/en\/?s={search_term_string}\"},\"query-input\":\"required name=search_term_string\"}],\"inLanguage\":\"en-US\"}]}<\/script>\n<!-- \/ Yoast SEO plugin. -->","yoast_head_json":{"title":"Privacy policy - Ampere.cars","robots":{"index":"index","follow":"follow","max-snippet":"max-snippet:-1","max-image-preview":"max-image-preview:large","max-video-preview":"max-video-preview:-1"},"canonical":"https:\/\/www.ampere.cars\/en\/privacy-policy\/","og_locale":"en_US","og_type":"article","og_title":"Privacy policy - Ampere.cars","og_url":"https:\/\/www.ampere.cars\/en\/privacy-policy\/","og_site_name":"Ampere.cars","article_modified_time":"2026-01-06T10:28:57+00:00","og_image":[{"width":2500,"height":1667,"url":"https:\/\/www.ampere.cars\/app\/uploads\/2023\/11\/MicrosoftTeams-image-4.jpg","type":"image\/jpeg"}],"twitter_card":"summary_large_image","schema":{"@context":"https:\/\/schema.org","@graph":[{"@type":"WebPage","@id":"https:\/\/www.ampere.cars\/en\/privacy-policy\/","url":"https:\/\/www.ampere.cars\/en\/privacy-policy\/","name":"Privacy policy - Ampere.cars","isPartOf":{"@id":"https:\/\/www.ampere.cars\/en\/#website"},"datePublished":"2023-10-25T15:00:29+00:00","dateModified":"2026-01-06T10:28:57+00:00","breadcrumb":{"@id":"https:\/\/www.ampere.cars\/en\/privacy-policy\/#breadcrumb"},"inLanguage":"en-US","potentialAction":[{"@type":"ReadAction","target":["https:\/\/www.ampere.cars\/en\/privacy-policy\/"]}]},{"@type":"BreadcrumbList","@id":"https:\/\/www.ampere.cars\/en\/privacy-policy\/#breadcrumb","itemListElement":[{"@type":"ListItem","position":1,"name":"Home","item":"https:\/\/www.ampere.cars\/en\/"},{"@type":"ListItem","position":2,"name":"Privacy policy"}]},{"@type":"WebSite","@id":"https:\/\/www.ampere.cars\/en\/#website","url":"https:\/\/www.ampere.cars\/en\/","name":"Ampere.cars","description":"","potentialAction":[{"@type":"SearchAction","target":{"@type":"EntryPoint","urlTemplate":"https:\/\/www.ampere.cars\/en\/?s={search_term_string}"},"query-input":"required name=search_term_string"}],"inLanguage":"en-US"}]}},"_links":{"self":[{"href":"https:\/\/www.ampere.cars\/en\/wp-json\/wp\/v2\/pages\/2358"}],"collection":[{"href":"https:\/\/www.ampere.cars\/en\/wp-json\/wp\/v2\/pages"}],"about":[{"href":"https:\/\/www.ampere.cars\/en\/wp-json\/wp\/v2\/types\/page"}],"author":[{"embeddable":true,"href":"https:\/\/www.ampere.cars\/en\/wp-json\/wp\/v2\/users\/3"}],"replies":[{"embeddable":true,"href":"https:\/\/www.ampere.cars\/en\/wp-json\/wp\/v2\/comments?post=2358"}],"version-history":[{"count":10,"href":"https:\/\/www.ampere.cars\/en\/wp-json\/wp\/v2\/pages\/2358\/revisions"}],"predecessor-version":[{"id":11230,"href":"https:\/\/www.ampere.cars\/en\/wp-json\/wp\/v2\/pages\/2358\/revisions\/11230"}],"wp:featuredmedia":[{"embeddable":true,"href":"https:\/\/www.ampere.cars\/en\/wp-json\/wp\/v2\/media\/3850"}],"wp:attachment":[{"href":"https:\/\/www.ampere.cars\/en\/wp-json\/wp\/v2\/media?parent=2358"}],"curies":[{"name":"wp","href":"https:\/\/api.w.org\/{rel}","templated":true}]}}